{"id":28,"date":"2021-07-11T12:10:18","date_gmt":"2021-07-11T12:10:18","guid":{"rendered":"https:\/\/r2d2.jakub.it\/?page_id=28"},"modified":"2021-08-12T21:24:33","modified_gmt":"2021-08-12T21:24:33","slug":"introduzione_come_costruire_r2d2","status":"publish","type":"page","link":"https:\/\/r2d2.jakub.it\/index.php\/introduzione_come_costruire_r2d2\/","title":{"rendered":"Introduzione"},"content":{"rendered":"\n<h2 class=\"wp-block-heading\">Come costruire R2D2 a grandezza naturale?<\/h2>\n\n\n\n<p>Mi ricordo benissimo la mia prima volta che ho visto Star Wars. Era aprile del 1979. Avevo 10 anni. Sono uscito dal cinema cambiato per sempre. E&#8217; stato il film che ha plasmato i mie gusti cinematografici e letterari e non solo. R2D2, il piccolo e simpatico droide, \u00e8 stato fin da subito il personaggio che mi ha colpito di pi\u00f9 ed \u00e8 stato un&#8217;ispirazione per avvicinarmi al mondo della tecnologia.<\/p>\n\n\n\n<p>Sono passati per\u00f2 parecchi anni per maturare l&#8217;idea di costruire R2D2 di grandezza naturale. Iniziare questo viaggio \u00e8 stato a dir poco scoraggiante, pur avendo un buon background di elettronica e di modellismo. Fin da subito mi ero reso conto che affrontare un progetto del genere sarebbe stato molto pi\u00f9 complicato di quanto non avevo mai fatto finora. <\/p>\n\n\n<style>.wp-block-kadence-advancedheading.kt-adv-heading_49f14f-a4, .wp-block-kadence-advancedheading.kt-adv-heading_49f14f-a4[data-kb-block=\"kb-adv-heading_49f14f-a4\"]{font-style:normal;}.wp-block-kadence-advancedheading.kt-adv-heading_49f14f-a4 mark.kt-highlight, .wp-block-kadence-advancedheading.kt-adv-heading_49f14f-a4[data-kb-block=\"kb-adv-heading_49f14f-a4\"] mark.kt-highlight{font-style:normal;color:#f76a0c;-webkit-box-decoration-break:clone;box-decoration-break:clone;padding-top:0px;padding-right:0px;padding-bottom:0px;padding-left:0px;}.wp-block-kadence-advancedheading.kt-adv-heading_49f14f-a4 img.kb-inline-image, .wp-block-kadence-advancedheading.kt-adv-heading_49f14f-a4[data-kb-block=\"kb-adv-heading_49f14f-a4\"] img.kb-inline-image{width:150px;vertical-align:baseline;}<\/style>\n<h3 class=\"kt-adv-heading_49f14f-a4 wp-block-kadence-advancedheading\" data-kb-block=\"kb-adv-heading_49f14f-a4\">Ma si pu\u00f2 acquistare una replica di R2D2 a grandezza naturale?<\/h3>\n\n\n\n<p>Per dire la verit\u00e0, esistono ormai diverse opzioni per acquistare una replica a grandezza naturale di R2D2:<\/p>\n\n\n\n<ul class=\"wp-block-list\"><li>Il sito di <strong><a href=\"https:\/\/www.sideshow.com\/collectibles\/star-wars-r2-d2-sideshow-collectibles-400277\" target=\"_blank\" rel=\"noreferrer noopener nofollow\">Sideshow Collectibles<\/a><\/strong> offre per una modica cifra di <strong>6,473.31\u20ac <\/strong>+ tasse e costi di spedizione, l&#8217;edizione limitata di R2D2, fornito di schermi che si illuminano e suoni perfetti. I suoni e la luce possono essere attivati attraverso un telecomando che si trova in un vano nascosto in prossimit\u00e0 del diffusore che enfatizza il realismo.&nbsp;Oltre a queste caratteristiche, la cupola pu\u00f2 essere ruotata a destra e a sinistra. Il droide non pu\u00f2 pero muoversi.<\/li><li>Al <a href=\"https:\/\/disneyland.disney.go.com\/shops\/disneyland\/droid-depot\/\" target=\"_blank\" rel=\"noreferrer noopener nofollow\"><strong>Droid Depot<\/strong><\/a> di <strong>Star Wars: Galaxy\u2019s Edge,<\/strong> l\u2019area tematica dedicata al franchise di Guerre Stellari presente nei parchi <strong>Disney World <\/strong>di Orlando, Florida e di Hollywood. Il prezzo \u00e8 di <strong>25.000$<\/strong>+ tasse e costi di spedizione per un droide di alluminio, completamente funzionante. Le unit\u00e0 R2 sono telecomandate e possono essere personalizzate a discrezione dell\u2019acquirente, dai colori allo stato della carrozzeria metallica, ed ovviamente sono in grado di riprodurre svariati suoni e possono muoversi.<\/li><li>Ogni tanto si trovano su <strong>eBay<\/strong> degli annunci delle unit\u00e0 R2D2 di grandezza naturale, costruiti dai fan, spesso per\u00f2 di dubbia qualit\u00e0 e di cui vendita in teoria viola le leggi sul copyright. I prezzi possono variare da <strong>9.900$<\/strong> per un droide in vetroresina fino a superare i <strong>50.000$ (!) <\/strong>per un droide completamente in alluminio, farcito di elettronica.<\/li><\/ul>\n\n\n\n<p>Ma qual \u00e8 il gusto di spendere tutti questi soldi e privarsi dell&#8217;esperienza di costruire R2-D2 da soli?<\/p>\n\n\n\n<h2 class=\"wp-block-heading\">Da dove iniziare la costruzione?<\/h2>\n\n\n\n<p>Il mio primo passo \u00e8 stato, come sempre, quello di studiare! Ho passato pi\u00f9 di 6 mesi a leggere e fare ricerche prima di fare il salto e acquistare il primo componente. L&#8217;ottimo punto di partenza \u00e8 la comunit\u00e0 Statunitense di <a href=\"https:\/\/astromech.net\/\" target=\"_blank\" rel=\"noreferrer noopener\"><strong>astromech.net<\/strong><\/a> che \u00e8 l&#8217;inestimabile fonte di informazioni, dettagliati piani, forum dove fare domande ai builder con pi\u00f9 esperienza ma anche il posto dove acquistare vari componenti gi\u00e0 pronti, costruiti da altri membri della comunit\u00e0.<\/p>\n\n\n\n<p>Il passo successivo \u00e8 quello di decidere che tipo di droide costruire, rispondendo ad alcune domande: <\/p>\n\n\n\n<ul class=\"wp-block-list\"><li>Modello statico da esposizione oppure in grado di muoversi per partecipare agli eventi, fiere, ecc.?<\/li><li>Quali materiali utilizzare? Le scelte tipiche sono: legno, plastica (stirene) e alluminio.<\/li><li>Vuoi imparare nuove abilit\u00e0, costruendo tutto &#8220;from scratch&#8221; o semplicemente ritrovarti con un droide e quindi sei disposto a spendere soldi per l&#8217;acquisto dei componenti gi\u00e0 pronti? <\/li><li>Qual \u00e8 il tuo budget. Nella versione pi\u00f9 semplice, il droide statico, fatto di legno o stirene con alcuni effetti di luce e di suoni, l&#8217;R2D2 pu\u00f2 costare <strong>1.000 &#8211; 2.000\u20ac<\/strong> ma per una versione totalmente in alluminio, telecomandata e con tutti i &#8220;gadget&#8221; possibili si pu\u00f2 superare anche <strong>10.000\u20ac<\/strong>. Ovviamente ci sono diverse vie di mezzo.<\/li><li>Deve essere &#8220;screen accurate&#8221;? Se s\u00ec, di quale film? Non esiste una versione unica di R2D2. Ci sono delle differenze, anche significative tra modelli usati nei diversi episodi o anche all&#8217;interno delle stesso, come soprattutto nel caso di Episodio IV &#8220;La nuova speranza&#8221;.<\/li><li>Tempo a disposizione. Un R2D2 nella versione pi\u00f9 semplice si pu\u00f2 costruire in qualche mese ma per un droide pi\u00f9 complesso, facilmente ci si impiega 2-3 anni o anche di pi\u00f9.<\/li><li>Le gambe in posizione fisse, nella versione con 2 (posizione di riposo) o 3 gambe (quando \u00e8 in movimento) o di tipo 2-3-2, in grado di passare tra una configurazione all&#8217;altra?<\/li><\/ul>\n\n\n<style>.wp-block-kadence-advancedheading.kt-adv-heading_e85238-0b, .wp-block-kadence-advancedheading.kt-adv-heading_e85238-0b[data-kb-block=\"kb-adv-heading_e85238-0b\"]{font-style:normal;}.wp-block-kadence-advancedheading.kt-adv-heading_e85238-0b mark.kt-highlight, .wp-block-kadence-advancedheading.kt-adv-heading_e85238-0b[data-kb-block=\"kb-adv-heading_e85238-0b\"] mark.kt-highlight{font-style:normal;color:#f76a0c;-webkit-box-decoration-break:clone;box-decoration-break:clone;padding-top:0px;padding-right:0px;padding-bottom:0px;padding-left:0px;}.wp-block-kadence-advancedheading.kt-adv-heading_e85238-0b img.kb-inline-image, .wp-block-kadence-advancedheading.kt-adv-heading_e85238-0b[data-kb-block=\"kb-adv-heading_e85238-0b\"] img.kb-inline-image{width:150px;vertical-align:baseline;}<\/style>\n<h2 class=\"kt-adv-heading_e85238-0b wp-block-kadence-advancedheading\" data-kb-block=\"kb-adv-heading_e85238-0b\">Le mie scelte<\/h2>\n\n\n\n<p>Le mie scelte nella costruzione della replica di R2-D2 sono state dettate principalmente dalle costrizioni di budget e della mancanza di  disponibilit\u00e0 di attrezzi professionali. Ho deciso di utilizzare lo stirene come materiale base, con alcuni pezzi stampati in 3D, costruendo tutto (o quasi) da solo, limitando gli acquisti solo alla cupola e a qualche piccolo pezzo, difficilmente stampabile in 3D, fatto in resina. Con questo approccio ho dovuto accettare i tempi molto lunghi per la realizzazione dell&#8217;intero progetto.<\/p>\n\n\n\n<p>Le principali scelte che ho fatto:<\/p>\n\n\n\n<ul class=\"wp-block-list\"><li>modello motorizzato in configurazione fissa su 3 gambe, pi\u00f9 possibile fedele alla versione dell&#8217;episodio IV;<\/li><li><a href=\"https:\/\/r2d2.jakub.it\/index.php\/category\/dome\/\"><strong>testa<\/strong><\/a>: l&#8217;utilizzo della cupola di stirene idroformato, acquistata tramite astromech.net;<\/li><li>la maggior parte dei pannelli della testa apribili e controllati da remoto;<\/li><li>struttura del corpo e delle gambe: l&#8217;utilizzo di stirene tagliato in parte con la sega manuale e in parte con un <em>router table<\/em> auto-costruito;<\/li><li>le skin: ritagliate a mano dal foglio di stirene;<\/li><li>alcuni pannelli del corpo apribili manualmente;<\/li><li>verniciatura: vernici spray acriliche della serie Duplicolor di qualit\u00e0 <em>automotive<\/em>;<\/li><li>elettronica: il set completo di luci e suoni, il controllo dei pannelli della cupola, i movimenti dei holo-proiettori e il sistema di trazione. Il tutto telecomandato con il controller &#8220;Navigate&#8221; della console PS3.<\/li><\/ul>\n\n\n\n<p><\/p>\n\n\n\n<p><\/p>\n\n\n\n<p><\/p>\n\n\n\n<p><\/p>\n","protected":false},"excerpt":{"rendered":"<p>Come costruire R2D2 a grandezza naturale? Mi ricordo benissimo la mia prima volta che ho visto Star Wars. Era aprile del 1979. Avevo 10 anni. Sono uscito dal cinema cambiato per sempre. E&#8217; stato&#46;&#46;&#46;<\/p>\n","protected":false},"author":1,"featured_media":0,"parent":0,"menu_order":0,"comment_status":"closed","ping_status":"closed","template":"","meta":{"footnotes":""},"class_list":["post-28","page","type-page","status-publish","hentry"],"yoast_head":"<!-- This site is optimized with the Yoast SEO plugin v27.4 - https:\/\/yoast.com\/product\/yoast-seo-wordpress\/ -->\n<title>Introduzione - R2D2 by Jakub<\/title>\n<meta name=\"description\" content=\"Come costruire R2D2 a grandezza naturale e da dove iniziare.\" \/>\n<meta name=\"robots\" content=\"index, follow, max-snippet:-1, max-image-preview:large, max-video-preview:-1\" \/>\n<link rel=\"canonical\" href=\"https:\/\/r2d2.jakub.it\/index.php\/introduzione_come_costruire_r2d2\/\" \/>\n<meta property=\"og:locale\" content=\"it_IT\" \/>\n<meta property=\"og:type\" content=\"article\" \/>\n<meta property=\"og:title\" content=\"Introduzione - R2D2 by Jakub\" \/>\n<meta property=\"og:description\" content=\"Come costruire R2D2 a grandezza naturale e da dove iniziare.\" \/>\n<meta property=\"og:url\" content=\"https:\/\/r2d2.jakub.it\/index.php\/introduzione_come_costruire_r2d2\/\" \/>\n<meta property=\"og:site_name\" content=\"R2D2 by Jakub\" \/>\n<meta property=\"article:modified_time\" content=\"2021-08-12T21:24:33+00:00\" \/>\n<meta name=\"twitter:card\" content=\"summary_large_image\" \/>\n<meta name=\"twitter:label1\" content=\"Tempo di lettura stimato\" \/>\n\t<meta name=\"twitter:data1\" content=\"4 minuti\" \/>\n<script type=\"application\/ld+json\" class=\"yoast-schema-graph\">{\"@context\":\"https:\\\/\\\/schema.org\",\"@graph\":[{\"@type\":\"WebPage\",\"@id\":\"https:\\\/\\\/r2d2.jakub.it\\\/index.php\\\/introduzione_come_costruire_r2d2\\\/\",\"url\":\"https:\\\/\\\/r2d2.jakub.it\\\/index.php\\\/introduzione_come_costruire_r2d2\\\/\",\"name\":\"Introduzione - R2D2 by Jakub\",\"isPartOf\":{\"@id\":\"https:\\\/\\\/r2d2.jakub.it\\\/#website\"},\"datePublished\":\"2021-07-11T12:10:18+00:00\",\"dateModified\":\"2021-08-12T21:24:33+00:00\",\"description\":\"Come costruire R2D2 a grandezza naturale e da dove iniziare.\",\"breadcrumb\":{\"@id\":\"https:\\\/\\\/r2d2.jakub.it\\\/index.php\\\/introduzione_come_costruire_r2d2\\\/#breadcrumb\"},\"inLanguage\":\"it-IT\",\"potentialAction\":[{\"@type\":\"ReadAction\",\"target\":[\"https:\\\/\\\/r2d2.jakub.it\\\/index.php\\\/introduzione_come_costruire_r2d2\\\/\"]}]},{\"@type\":\"BreadcrumbList\",\"@id\":\"https:\\\/\\\/r2d2.jakub.it\\\/index.php\\\/introduzione_come_costruire_r2d2\\\/#breadcrumb\",\"itemListElement\":[{\"@type\":\"ListItem\",\"position\":1,\"name\":\"Home\",\"item\":\"https:\\\/\\\/r2d2.jakub.it\\\/\"},{\"@type\":\"ListItem\",\"position\":2,\"name\":\"Introduzione\"}]},{\"@type\":\"WebSite\",\"@id\":\"https:\\\/\\\/r2d2.jakub.it\\\/#website\",\"url\":\"https:\\\/\\\/r2d2.jakub.it\\\/\",\"name\":\"R2D2 by Jakub\",\"description\":\"come costruire una repplica in scala 1:1 del pi\u00f9 iconico robot della galassia lontana, lontana...\",\"potentialAction\":[{\"@type\":\"SearchAction\",\"target\":{\"@type\":\"EntryPoint\",\"urlTemplate\":\"https:\\\/\\\/r2d2.jakub.it\\\/?s={search_term_string}\"},\"query-input\":{\"@type\":\"PropertyValueSpecification\",\"valueRequired\":true,\"valueName\":\"search_term_string\"}}],\"inLanguage\":\"it-IT\"}]}<\/script>\n<!-- \/ Yoast SEO plugin. -->","yoast_head_json":{"title":"Introduzione - R2D2 by Jakub","description":"Come costruire R2D2 a grandezza naturale e da dove iniziare.","robots":{"index":"index","follow":"follow","max-snippet":"max-snippet:-1","max-image-preview":"max-image-preview:large","max-video-preview":"max-video-preview:-1"},"canonical":"https:\/\/r2d2.jakub.it\/index.php\/introduzione_come_costruire_r2d2\/","og_locale":"it_IT","og_type":"article","og_title":"Introduzione - R2D2 by Jakub","og_description":"Come costruire R2D2 a grandezza naturale e da dove iniziare.","og_url":"https:\/\/r2d2.jakub.it\/index.php\/introduzione_come_costruire_r2d2\/","og_site_name":"R2D2 by Jakub","article_modified_time":"2021-08-12T21:24:33+00:00","twitter_card":"summary_large_image","twitter_misc":{"Tempo di lettura stimato":"4 minuti"},"schema":{"@context":"https:\/\/schema.org","@graph":[{"@type":"WebPage","@id":"https:\/\/r2d2.jakub.it\/index.php\/introduzione_come_costruire_r2d2\/","url":"https:\/\/r2d2.jakub.it\/index.php\/introduzione_come_costruire_r2d2\/","name":"Introduzione - R2D2 by Jakub","isPartOf":{"@id":"https:\/\/r2d2.jakub.it\/#website"},"datePublished":"2021-07-11T12:10:18+00:00","dateModified":"2021-08-12T21:24:33+00:00","description":"Come costruire R2D2 a grandezza naturale e da dove iniziare.","breadcrumb":{"@id":"https:\/\/r2d2.jakub.it\/index.php\/introduzione_come_costruire_r2d2\/#breadcrumb"},"inLanguage":"it-IT","potentialAction":[{"@type":"ReadAction","target":["https:\/\/r2d2.jakub.it\/index.php\/introduzione_come_costruire_r2d2\/"]}]},{"@type":"BreadcrumbList","@id":"https:\/\/r2d2.jakub.it\/index.php\/introduzione_come_costruire_r2d2\/#breadcrumb","itemListElement":[{"@type":"ListItem","position":1,"name":"Home","item":"https:\/\/r2d2.jakub.it\/"},{"@type":"ListItem","position":2,"name":"Introduzione"}]},{"@type":"WebSite","@id":"https:\/\/r2d2.jakub.it\/#website","url":"https:\/\/r2d2.jakub.it\/","name":"R2D2 by Jakub","description":"come costruire una repplica in scala 1:1 del pi\u00f9 iconico robot della galassia lontana, lontana...","potentialAction":[{"@type":"SearchAction","target":{"@type":"EntryPoint","urlTemplate":"https:\/\/r2d2.jakub.it\/?s={search_term_string}"},"query-input":{"@type":"PropertyValueSpecification","valueRequired":true,"valueName":"search_term_string"}}],"inLanguage":"it-IT"}]}},"jetpack-related-posts":[{"id":222,"url":"https:\/\/r2d2.jakub.it\/index.php\/contatti\/","url_meta":{"origin":28,"position":0},"title":"Contatti","author":"admin","date":"Agosto 11, 2021","format":false,"excerpt":"Per essere contattato, utilizza il seguente form:","rel":"","context":"Articolo simile","block_context":{"text":"Articolo simile","link":""},"img":{"alt_text":"","src":"","width":0,"height":0},"classes":[]}],"jetpack_sharing_enabled":true,"jetpack_likes_enabled":false,"_links":{"self":[{"href":"https:\/\/r2d2.jakub.it\/index.php\/wp-json\/wp\/v2\/pages\/28","targetHints":{"allow":["GET"]}}],"collection":[{"href":"https:\/\/r2d2.jakub.it\/index.php\/wp-json\/wp\/v2\/pages"}],"about":[{"href":"https:\/\/r2d2.jakub.it\/index.php\/wp-json\/wp\/v2\/types\/page"}],"author":[{"embeddable":true,"href":"https:\/\/r2d2.jakub.it\/index.php\/wp-json\/wp\/v2\/users\/1"}],"replies":[{"embeddable":true,"href":"https:\/\/r2d2.jakub.it\/index.php\/wp-json\/wp\/v2\/comments?post=28"}],"version-history":[{"count":32,"href":"https:\/\/r2d2.jakub.it\/index.php\/wp-json\/wp\/v2\/pages\/28\/revisions"}],"predecessor-version":[{"id":236,"href":"https:\/\/r2d2.jakub.it\/index.php\/wp-json\/wp\/v2\/pages\/28\/revisions\/236"}],"wp:attachment":[{"href":"https:\/\/r2d2.jakub.it\/index.php\/wp-json\/wp\/v2\/media?parent=28"}],"curies":[{"name":"wp","href":"https:\/\/api.w.org\/{rel}","templated":true}]}}